{"id":113,"date":"2023-11-17T17:01:57","date_gmt":"2023-11-17T20:01:57","guid":{"rendered":"https:\/\/serfinanciero.com\/?page_id=113"},"modified":"2025-10-27T20:56:21","modified_gmt":"2025-10-27T23:56:21","slug":"inicio2","status":"publish","type":"page","link":"https:\/\/serfinanciero.com\/","title":{"rendered":"Inicio"},"content":{"rendered":"\n<div class=\"wp-block-cover is-light has-custom-content-position is-position-top-center\" style=\"border-style:none;border-width:0px;margin-top:0;margin-bottom:0;min-height:672px;aspect-ratio:unset;\"><img loading=\"lazy\" decoding=\"async\" width=\"2560\" height=\"1707\" class=\"wp-block-cover__image-background wp-image-138\" alt=\"\" src=\"https:\/\/serfinanciero.com\/wp-content\/uploads\/2023\/11\/grupo-personas-trabajando-plan-negocios-oficina-1-scaled.jpg\" data-object-fit=\"cover\" srcset=\"https:\/\/serfinanciero.com\/wp-content\/uploads\/2023\/11\/grupo-personas-trabajando-plan-negocios-oficina-1-scaled.jpg 2560w, https:\/\/serfinanciero.com\/wp-content\/uploads\/2023\/11\/grupo-personas-trabajando-plan-negocios-oficina-1-300x200.jpg 300w, https:\/\/serfinanciero.com\/wp-content\/uploads\/2023\/11\/grupo-personas-trabajando-plan-negocios-oficina-1-1024x683.jpg 1024w, https:\/\/serfinanciero.com\/wp-content\/uploads\/2023\/11\/grupo-personas-trabajando-plan-negocios-oficina-1-768x512.jpg 768w, https:\/\/serfinanciero.com\/wp-content\/uploads\/2023\/11\/grupo-personas-trabajando-plan-negocios-oficina-1-1536x1024.jpg 1536w, https:\/\/serfinanciero.com\/wp-content\/uploads\/2023\/11\/grupo-personas-trabajando-plan-negocios-oficina-1-2048x1365.jpg 2048w\" sizes=\"auto, (max-width: 2560px) 100vw, 2560px\" \/><span aria-hidden=\"true\" class=\"wp-block-cover__background has-background-dim-40 has-background-dim\"><\/span><div class=\"wp-block-cover__inner-container is-layout-flow wp-container-core-cover-is-layout-b7a159c5 wp-block-cover-is-layout-flow\">\n<div class=\"wp-block-columns are-vertically-aligned-top is-layout-flex wp-container-core-columns-is-layout-3e250f30 wp-block-columns-is-layout-flex\" style=\"margin-top:0;margin-bottom:0\">\n<div class=\"wp-block-column is-vertically-aligned-top is-layout-flow wp-block-column-is-layout-flow\" style=\"flex-basis:33.33%\"><\/div>\n\n\n\n<div class=\"wp-block-column is-vertically-aligned-top is-layout-flow wp-block-column-is-layout-flow\" style=\"padding-right:3.4rem;padding-left:3.4rem;flex-basis:66.66%\">\n<h2 class=\"wp-block-heading has-text-align-right has-ast-global-color-4-color has-text-color has-link-color wp-elements-c4990ec067ee7472ad550c93b4098131\">Te ayudamos a planificar tu vida financiera<\/h2>\n\n\n\n<h6 class=\"wp-block-heading has-text-align-right has-ast-global-color-4-color has-text-color has-link-color wp-elements-db1f74adbeb5e72dfd0465b3ac53d917\">Somos un equipo especializado en ayudar a personas, familias y empresas a planificar sus finanzas, dise\u00f1ando estrategias de ahorro e inversi\u00f3n a medida de sus objetivos.<\/h6>\n\n\n\n<div class=\"wp-block-buttons is-content-justification-right is-layout-flex wp-container-core-buttons-is-layout-d445cf74 wp-block-buttons-is-layout-flex\">\n<div class=\"wp-block-button\"><a class=\"wp-block-button__link wp-element-button\" href=\"https:\/\/serfinanciero.com\/index.php\/nosotros\/\">Sobre nosotros<\/a><\/div>\n<\/div>\n<\/div>\n<\/div>\n<\/div><\/div>\n\n\n\n<div style=\"height:60px\" aria-hidden=\"true\" class=\"wp-block-spacer\"><\/div>\n\n\n\n<h2 class=\"wp-block-heading has-text-align-center has-ast-global-color-1-color has-text-color has-link-color wp-elements-9c934225682757d76e493f1130704bac\">Soluciones Financieras<\/h2>\n\n\n\n<p class=\"has-text-align-center has-ast-global-color-3-color has-text-color has-link-color wp-elements-59857207f4f450ed86eedbb80adae69d\" style=\"margin-right:0px;margin-left:0px;padding-top:0;padding-right:0;padding-bottom:0;padding-left:0\">Nuestro amplio conjunto de servicios profesionales se enfoca en acompa\u00f1ar a nuestros clientes en el desarrollo y protecci\u00f3n de sus proyectos<\/p>\n\n\n\n<div class=\"wp-block-columns is-layout-flex wp-container-core-columns-is-layout-c6a03c77 wp-block-columns-is-layout-flex\" style=\"padding-right:var(--wp--preset--spacing--80);padding-left:var(--wp--preset--spacing--80)\">\n<div class=\"wp-block-column hvr-grow-shadow is-layout-flow wp-block-column-is-layout-flow\">\n<figure class=\"wp-block-image aligncenter size-full wp-duotone-unset-1\"><a href=\"https:\/\/serfinanciero.com\/index.php\/asesoria\/\"><img loading=\"lazy\" decoding=\"async\" width=\"210\" height=\"210\" src=\"https:\/\/serfinanciero.com\/wp-content\/uploads\/2023\/12\/Inversiones-Icon2.png\" alt=\"\" class=\"wp-image-283\" srcset=\"https:\/\/serfinanciero.com\/wp-content\/uploads\/2023\/12\/Inversiones-Icon2.png 210w, https:\/\/serfinanciero.com\/wp-content\/uploads\/2023\/12\/Inversiones-Icon2-150x150.png 150w\" sizes=\"auto, (max-width: 210px) 100vw, 210px\" \/><\/a><\/figure>\n\n\n\n<div style=\"height:5px\" aria-hidden=\"true\" class=\"wp-block-spacer\"><\/div>\n\n\n\n<h3 class=\"wp-block-heading has-text-align-center has-ast-global-color-3-color has-text-color has-link-color has-medium-font-size wp-elements-ffcc4c59e2c8dc9993ce713e13736b4f\">Inversiones<\/h3>\n<\/div>\n\n\n\n<div class=\"wp-block-column hvr-grow-shadow is-layout-flow wp-block-column-is-layout-flow\">\n<figure class=\"wp-block-image aligncenter size-full\"><a href=\"https:\/\/serfinanciero.com\/index.php\/asesoria\/\"><img loading=\"lazy\" decoding=\"async\" width=\"210\" height=\"210\" src=\"https:\/\/serfinanciero.com\/wp-content\/uploads\/2023\/12\/Ahorro-Icon3.png\" alt=\"\" class=\"wp-image-284\" srcset=\"https:\/\/serfinanciero.com\/wp-content\/uploads\/2023\/12\/Ahorro-Icon3.png 210w, https:\/\/serfinanciero.com\/wp-content\/uploads\/2023\/12\/Ahorro-Icon3-150x150.png 150w\" sizes=\"auto, (max-width: 210px) 100vw, 210px\" \/><\/a><\/figure>\n\n\n\n<div style=\"height:5px\" aria-hidden=\"true\" class=\"wp-block-spacer\"><\/div>\n\n\n\n<h3 class=\"wp-block-heading has-text-align-center has-ast-global-color-3-color has-text-color has-link-color has-medium-font-size wp-elements-bd1b3e3552780d1ddc2ed1c190962fa5\">Ahorro<\/h3>\n<\/div>\n\n\n\n<div class=\"wp-block-column hvr-grow-shadow is-layout-flow wp-block-column-is-layout-flow\">\n<figure class=\"wp-block-image aligncenter size-full\"><a href=\"https:\/\/serfinanciero.com\/index.php\/asesoria\/\"><img loading=\"lazy\" decoding=\"async\" width=\"208\" height=\"208\" src=\"https:\/\/serfinanciero.com\/wp-content\/uploads\/2023\/12\/Proteccion-Icon2.png\" alt=\"\" class=\"wp-image-285\" srcset=\"https:\/\/serfinanciero.com\/wp-content\/uploads\/2023\/12\/Proteccion-Icon2.png 208w, https:\/\/serfinanciero.com\/wp-content\/uploads\/2023\/12\/Proteccion-Icon2-150x150.png 150w\" sizes=\"auto, (max-width: 208px) 100vw, 208px\" \/><\/a><\/figure>\n\n\n\n<div style=\"height:5px\" aria-hidden=\"true\" class=\"wp-block-spacer\"><\/div>\n\n\n\n<h3 class=\"wp-block-heading has-text-align-center has-ast-global-color-3-color has-text-color has-link-color has-medium-font-size wp-elements-6f597ee7995c37fa71c8144bf04cb1ec\">Blindaje Financiero<\/h3>\n<\/div>\n\n\n\n<div class=\"wp-block-column hvr-grow-shadow is-layout-flow wp-block-column-is-layout-flow\">\n<figure class=\"wp-block-image aligncenter size-full\"><a href=\"https:\/\/serfinanciero.com\/index.php\/asesoria\/\"><img loading=\"lazy\" decoding=\"async\" width=\"210\" height=\"210\" src=\"https:\/\/serfinanciero.com\/wp-content\/uploads\/2023\/12\/Seguros-Icon2.png\" alt=\"\" class=\"wp-image-287\" srcset=\"https:\/\/serfinanciero.com\/wp-content\/uploads\/2023\/12\/Seguros-Icon2.png 210w, https:\/\/serfinanciero.com\/wp-content\/uploads\/2023\/12\/Seguros-Icon2-150x150.png 150w\" sizes=\"auto, (max-width: 210px) 100vw, 210px\" \/><\/a><\/figure>\n\n\n\n<div style=\"height:5px\" aria-hidden=\"true\" class=\"wp-block-spacer\"><\/div>\n\n\n\n<h3 class=\"wp-block-heading has-text-align-center has-ast-global-color-3-color has-text-color has-link-color has-medium-font-size wp-elements-8a734bc2015e9367f3522385e212d9f7\">Seguros<\/h3>\n<\/div>\n<\/div>\n\n\n\n<hr class=\"wp-block-separator has-text-color has-ast-global-color-4-color has-alpha-channel-opacity has-ast-global-color-4-background-color has-background is-style-wide\" style=\"margin-top:0;margin-bottom:0\"\/>\n\n\n\n<div class=\"wp-block-group is-vertical is-content-justification-center is-layout-flex wp-container-core-group-is-layout-582cdc1d wp-block-group-is-layout-flex\" style=\"margin-top:0;margin-bottom:0\">\n<h2 class=\"wp-block-heading has-text-align-center has-ast-global-color-1-color has-text-color has-link-color wp-elements-5d1fb418fb6efb8991dc5f607ffb8ac4\" style=\"margin-top:var(--wp--preset--spacing--70)\">Te acompa\u00f1amos siempre<\/h2>\n\n\n\n<p class=\"has-text-align-center\">Ya sea para brindarte conocimiento con el mejor contenido para optimizar tus finanzas, como tambien para impulsar tu carrera profesional en el mercado financiero, te acompa\u00f1amos siempre en tu desarrollo<\/p>\n<\/div>\n\n\n\n<div class=\"wp-block-group alignfull is-layout-constrained wp-container-core-group-is-layout-28153904 wp-block-group-is-layout-constrained\" style=\"margin-top:0;margin-bottom:0;padding-top:var(--wp--preset--spacing--50);padding-right:var(--wp--preset--spacing--80);padding-bottom:var(--wp--preset--spacing--50);padding-left:var(--wp--preset--spacing--80)\">\n<div class=\"wp-block-group alignwide is-layout-constrained wp-container-core-group-is-layout-19e250f3 wp-block-group-is-layout-constrained\">\n<div style=\"height:0\" aria-hidden=\"true\" class=\"wp-block-spacer\"><\/div>\n\n\n\n<div class=\"wp-block-columns alignwide is-layout-flex wp-container-core-columns-is-layout-d1c656ed wp-block-columns-is-layout-flex\">\n<div class=\"wp-block-column is-vertically-aligned-center is-layout-flow wp-block-column-is-layout-flow\" style=\"flex-basis:44.44%\">\n<h3 class=\"wp-block-heading is-style-asterisk has-text-color has-link-color wp-elements-a4714537a2c1aeaba5161ce41d3bf977\" style=\"color:#0876a5\"><a href=\"https:\/\/serfinanciero.com\/index.php\/blog\/\" data-type=\"page\" data-id=\"34\">Blog<\/a><\/h3>\n\n\n\n<ul style=\"color:#061937;line-height:1.75\" class=\"wp-block-list is-style-checkmark-list has-text-color has-link-color wp-elements-b399ae88dfd8c9b52346804c28acddc0\">\n<li>Aprend\u00e9 a planificar tus finanzas<\/li>\n\n\n\n<li>Conoc\u00e9 como funcionan los instrumentos<\/li>\n\n\n\n<li>Tom\u00e1 tus decisiones con informaci\u00f3n<\/li>\n<\/ul>\n<\/div>\n\n\n\n<div class=\"wp-block-column is-layout-flow wp-block-column-is-layout-flow\" style=\"flex-basis:55.56%\">\n<figure class=\"wp-block-image aligncenter size-large is-resized has-custom-border is-style-default wp-duotone-000000-ffffff-2\" style=\"margin-top:0;margin-right:0;margin-bottom:0;margin-left:0\"><img loading=\"lazy\" decoding=\"async\" width=\"1024\" height=\"683\" src=\"https:\/\/serfinanciero.com\/wp-content\/uploads\/2023\/11\/laptop-computer-writing-work-hand-screen-871986-pxhere.com_-1024x683.jpg\" alt=\"\" class=\"wp-image-17\" style=\"border-radius:11px;object-fit:cover;width:600px;height:300px\" srcset=\"https:\/\/serfinanciero.com\/wp-content\/uploads\/2023\/11\/laptop-computer-writing-work-hand-screen-871986-pxhere.com_-1024x683.jpg 1024w, https:\/\/serfinanciero.com\/wp-content\/uploads\/2023\/11\/laptop-computer-writing-work-hand-screen-871986-pxhere.com_-300x200.jpg 300w, https:\/\/serfinanciero.com\/wp-content\/uploads\/2023\/11\/laptop-computer-writing-work-hand-screen-871986-pxhere.com_-768x512.jpg 768w, https:\/\/serfinanciero.com\/wp-content\/uploads\/2023\/11\/laptop-computer-writing-work-hand-screen-871986-pxhere.com_-1536x1024.jpg 1536w, https:\/\/serfinanciero.com\/wp-content\/uploads\/2023\/11\/laptop-computer-writing-work-hand-screen-871986-pxhere.com_.jpg 1620w\" sizes=\"auto, (max-width: 1024px) 100vw, 1024px\" \/><\/figure>\n<\/div>\n<\/div>\n\n\n\n<div style=\"height:var(--wp--preset--spacing--40)\" aria-hidden=\"true\" class=\"wp-block-spacer\"><\/div>\n\n\n\n<div class=\"wp-block-columns alignwide is-layout-flex wp-container-core-columns-is-layout-d1c656ed wp-block-columns-is-layout-flex\">\n<div class=\"wp-block-column is-layout-flow wp-block-column-is-layout-flow\" style=\"flex-basis:50%\">\n<figure class=\"wp-block-image aligncenter size-large has-custom-border is-style-default wp-duotone-000000-ffffff-3\"><img loading=\"lazy\" decoding=\"async\" width=\"1024\" height=\"561\" src=\"https:\/\/serfinanciero.com\/wp-content\/uploads\/2023\/11\/achievement-american-analysis-brainstorming-business-caucasian-1459637-pxhere.com_-1024x561.jpg\" alt=\"\" class=\"wp-image-179\" style=\"border-radius:11px\" srcset=\"https:\/\/serfinanciero.com\/wp-content\/uploads\/2023\/11\/achievement-american-analysis-brainstorming-business-caucasian-1459637-pxhere.com_-1024x561.jpg 1024w, https:\/\/serfinanciero.com\/wp-content\/uploads\/2023\/11\/achievement-american-analysis-brainstorming-business-caucasian-1459637-pxhere.com_-300x164.jpg 300w, https:\/\/serfinanciero.com\/wp-content\/uploads\/2023\/11\/achievement-american-analysis-brainstorming-business-caucasian-1459637-pxhere.com_-768x421.jpg 768w, https:\/\/serfinanciero.com\/wp-content\/uploads\/2023\/11\/achievement-american-analysis-brainstorming-business-caucasian-1459637-pxhere.com_-1536x842.jpg 1536w, https:\/\/serfinanciero.com\/wp-content\/uploads\/2023\/11\/achievement-american-analysis-brainstorming-business-caucasian-1459637-pxhere.com_.jpg 1920w\" sizes=\"auto, (max-width: 1024px) 100vw, 1024px\" \/><\/figure>\n<\/div>\n\n\n\n<div class=\"wp-block-column is-vertically-aligned-center is-layout-flow wp-block-column-is-layout-flow\" style=\"flex-basis:40%\">\n<h3 class=\"wp-block-heading is-style-asterisk has-text-color has-link-color wp-elements-5669e9e55fd635d9c31a05f827cc1e3e\" style=\"color:#0876a5\"><a href=\"https:\/\/grupoabax.com\/sumate\" data-type=\"link\" data-id=\"https:\/\/grupoabax.com\/sumate\" target=\"_blank\" rel=\"noreferrer noopener\">Escuela de Negocios<\/a><\/h3>\n\n\n\n<ul style=\"color:#061937;line-height:1.75\" class=\"wp-block-list is-style-checkmark-list has-text-color has-link-color wp-elements-9e2b62cd38ad641b2a170b15b7cc7f03\">\n<li>Sumate a nuestro equipo de profesionales<\/li>\n\n\n\n<li>Capacitate con los mejores del mercado<\/li>\n\n\n\n<li>Desarroll\u00e1 tu propio negocio<\/li>\n<\/ul>\n<\/div>\n<\/div>\n<\/div>\n\n\n\n<div style=\"height:50px\" aria-hidden=\"true\" class=\"wp-block-spacer\"><\/div>\n<\/div>\n\n\n\n<div class=\"wp-block-group alignfull has-ast-global-color-2-background-color has-background is-vertical is-content-justification-center is-layout-flex wp-container-core-group-is-layout-ce155fab wp-block-group-is-layout-flex\">\n<p class=\"has-text-align-center has-ast-global-color-4-color has-text-color has-link-color has-medium-font-size wp-elements-06d22fa930861b4ad0589ca0bb6d9a8c\"><em>\u00abResolvieron una gran problematica que siempre tuve: comenzar a ahorrar y hacer crecer mi dinero. Creo que uno de sus grandes meritos fue el de hacerme cambiar el chip respecto al tema inversiones. No solamente brindando informacion y explicaciones respecto a como trabaja el dinero, sino tambien presentando soluciones concretas.\u00bb.<\/em><\/p>\n\n\n\n<figure class=\"wp-block-image aligncenter size-thumbnail is-style-rounded\" style=\"margin-top:0;margin-right:0;margin-bottom:0;margin-left:0\"><a href=\"https:\/\/serfinanciero.com\/index.php\/clientes\/\"><img loading=\"lazy\" decoding=\"async\" width=\"150\" height=\"150\" src=\"https:\/\/serfinanciero.com\/wp-content\/uploads\/2023\/11\/Avatar-Hombre1-01-150x150.jpg\" alt=\"\" class=\"wp-image-71\" srcset=\"https:\/\/serfinanciero.com\/wp-content\/uploads\/2023\/11\/Avatar-Hombre1-01-150x150.jpg 150w, https:\/\/serfinanciero.com\/wp-content\/uploads\/2023\/11\/Avatar-Hombre1-01-300x300.jpg 300w, https:\/\/serfinanciero.com\/wp-content\/uploads\/2023\/11\/Avatar-Hombre1-01-768x768.jpg 768w, https:\/\/serfinanciero.com\/wp-content\/uploads\/2023\/11\/Avatar-Hombre1-01.jpg 800w\" sizes=\"auto, (max-width: 150px) 100vw, 150px\" \/><\/a><\/figure>\n\n\n\n<p class=\"has-text-align-center has-ast-global-color-4-color has-text-color has-link-color has-medium-font-size wp-elements-834c996feaa190f07e834f5769b0779c\" style=\"line-height:0\">Leo Bernasconi<\/p>\n\n\n\n<p class=\"has-text-align-center has-ast-global-color-4-color has-text-color has-link-color has-small-font-size wp-elements-d0a0026fa9e34d1c8d9e47c9ebb9a898\" style=\"line-height:0\">Manager + Automation Lead, Freelancer<\/p>\n<\/div>\n\n\n\n<div class=\"wp-block-group is-vertical is-content-justification-center is-layout-flex wp-container-core-group-is-layout-582cdc1d wp-block-group-is-layout-flex\" style=\"margin-top:0;margin-bottom:0\">\n<h2 class=\"wp-block-heading has-text-align-center has-ast-global-color-1-color has-text-color has-link-color wp-elements-d41bb50e6136df758a651602db74a844\" style=\"margin-top:var(--wp--preset--spacing--70)\">Unite a m\u00e1s de 900 suscriptores<\/h2>\n\n\n\n<p class=\"has-text-align-center\">Mantenete al d\u00eda con todo lo que ten\u00e9s que saber para tus finanzas.<\/p>\n\n\n\n<div class=\"wp-block-buttons is-layout-flex wp-block-buttons-is-layout-flex\">\n<div class=\"wp-block-button\"><a class=\"wp-block-button__link wp-element-button\">Registrarme al Newsletter<\/a><\/div>\n<\/div>\n<\/div>\n","protected":false},"excerpt":{"rendered":"<p>Soluciones Financieras Nuestro amplio conjunto de servicios profesionales se enfoca en acompa\u00f1ar a nuestros clientes en el desarrollo y protecci\u00f3n de sus proyectos Inversiones Ahorro Blindaje Financiero Seguros Te acompa\u00f1amos siempre Ya sea para brindarte conocimiento con el mejor contenido para optimizar tus finanzas, como tambien para impulsar tu carrera profesional en el mercado financiero, [&hellip;]<\/p>\n","protected":false},"author":1,"featured_media":0,"parent":0,"menu_order":0,"comment_status":"closed","ping_status":"closed","template":"","meta":{"site-sidebar-layout":"default","site-content-layout":"","ast-site-content-layout":"default","site-content-style":"default","site-sidebar-style":"default","ast-global-header-display":"","ast-banner-title-visibility":"","ast-main-header-display":"","ast-hfb-above-header-display":"","ast-hfb-below-header-display":"","ast-hfb-mobile-header-display":"","site-post-title":"disabled","ast-breadcrumbs-content":"","ast-featured-img":"","footer-sml-layout":"","theme-transparent-header-meta":"","adv-header-id-meta":"","stick-header-meta":"","header-above-stick-meta":"","header-main-stick-meta":"","header-below-stick-meta":"","astra-migrate-meta-layouts":"","ast-page-background-enabled":"default","ast-page-background-meta":{"desktop":{"background-color":"var(--ast-global-color-4)","background-image":"","background-repeat":"repeat","background-position":"center center","background-size":"auto","background-attachment":"scroll","background-type":"","background-media":"","overlay-type":"","overlay-color":"","overlay-opacity":"","overlay-gradient":""},"tablet":{"background-color":"","background-image":"","background-repeat":"repeat","background-position":"center center","background-size":"auto","background-attachment":"scroll","background-type":"","background-media":"","overlay-type":"","overlay-color":"","overlay-opacity":"","overlay-gradient":""},"mobile":{"background-color":"","background-image":"","background-repeat":"repeat","background-position":"center center","background-size":"auto","background-attachment":"scroll","background-type":"","background-media":"","overlay-type":"","overlay-color":"","overlay-opacity":"","overlay-gradient":""}},"ast-content-background-meta":{"desktop":{"background-color":"var(--ast-global-color-5)","background-image":"","background-repeat":"repeat","background-position":"center center","background-size":"auto","background-attachment":"scroll","background-type":"","background-media":"","overlay-type":"","overlay-color":"","overlay-opacity":"","overlay-gradient":""},"tablet":{"background-color":"var(--ast-global-color-5)","background-image":"","background-repeat":"repeat","background-position":"center center","background-size":"auto","background-attachment":"scroll","background-type":"","background-media":"","overlay-type":"","overlay-color":"","overlay-opacity":"","overlay-gradient":""},"mobile":{"background-color":"var(--ast-global-color-5)","background-image":"","background-repeat":"repeat","background-position":"center center","background-size":"auto","background-attachment":"scroll","background-type":"","background-media":"","overlay-type":"","overlay-color":"","overlay-opacity":"","overlay-gradient":""}},"_joinchat":[],"footnotes":""},"class_list":["post-113","page","type-page","status-publish","hentry"],"aioseo_notices":[],"_links":{"self":[{"href":"https:\/\/serfinanciero.com\/index.php\/wp-json\/wp\/v2\/pages\/113","targetHints":{"allow":["GET"]}}],"collection":[{"href":"https:\/\/serfinanciero.com\/index.php\/wp-json\/wp\/v2\/pages"}],"about":[{"href":"https:\/\/serfinanciero.com\/index.php\/wp-json\/wp\/v2\/types\/page"}],"author":[{"embeddable":true,"href":"https:\/\/serfinanciero.com\/index.php\/wp-json\/wp\/v2\/users\/1"}],"replies":[{"embeddable":true,"href":"https:\/\/serfinanciero.com\/index.php\/wp-json\/wp\/v2\/comments?post=113"}],"version-history":[{"count":116,"href":"https:\/\/serfinanciero.com\/index.php\/wp-json\/wp\/v2\/pages\/113\/revisions"}],"predecessor-version":[{"id":576,"href":"https:\/\/serfinanciero.com\/index.php\/wp-json\/wp\/v2\/pages\/113\/revisions\/576"}],"wp:attachment":[{"href":"https:\/\/serfinanciero.com\/index.php\/wp-json\/wp\/v2\/media?parent=113"}],"curies":[{"name":"wp","href":"https:\/\/api.w.org\/{rel}","templated":true}]}}