{"id":3,"date":"2023-11-13T17:57:01","date_gmt":"2023-11-13T16:57:01","guid":{"rendered":"https:\/\/serfinanciero.com\/?page_id=3"},"modified":"2024-11-27T11:03:59","modified_gmt":"2024-11-27T14:03:59","slug":"politica-privacidad","status":"publish","type":"page","link":"https:\/\/serfinanciero.com\/index.php\/politica-privacidad\/","title":{"rendered":"Pol\u00edtica de privacidad"},"content":{"rendered":"\n<p>La presente Pol\u00edtica de Privacidad (en adelante, la \u201cPol\u00edtica de Privacidad\u201d) corresponde al uso de los servicios provistos por SER FINANCIERO. En caso de ser necesario, SER FINANCIERO podr\u00e1 complementar la Pol\u00edtica de Privacidad con informaci\u00f3n y\/o t\u00e9rminos y condiciones espec\u00edficos con relaci\u00f3n a cada Servicio.<\/p>\n\n\n\n<p>El mero acceso al sitio web disponible en http:\/\/www.serfinanciero.com -o aquella URL que lo reemplace en el futuro- (en adelante, el \u201cSitio Web\u201d) atribuye a Usted la condici\u00f3n de usuario (en adelante, \u201cUsted\u201d, el \u201cUsuario\u201d o los \u201cUsuarios\u201d, indistintamente y seg\u00fan corresponda) y expresa la aceptaci\u00f3n plena y sin reservas de todas y cada una de las cl\u00e1usulas de la Pol\u00edtica de Privacidad en la versi\u00f3n publicada por SER FINANCIERO en el momento mismo en que el Usuario acceda al Sitio o solicite los Servicios. En consecuencia, la Pol\u00edtica de Privacidad constituir\u00e1 un acuerdo v\u00e1lido y obligatorio entre el Usuario y SER FINANCIERO con relaci\u00f3n a la privacidad. Asimismo, la utilizaci\u00f3n de los Servicios expresa la aceptaci\u00f3n plena y sin reservas del Usuario de los t\u00e9rminos y condiciones de utilizaci\u00f3n aplicables a dichos Servicios, que se complementan con la presente Pol\u00edtica de Privacidad. Para SER FINANCIERO la privacidad de sus datos personales es muy importante y por ello describe a trav\u00e9s de la presente Pol\u00edtica de Privacidad, los datos personales que requerir\u00e1 al Usuario a efectos de proveer los Servicios, c\u00f3mo tratar\u00e1 los mismos y las finalidades de uso de aquellos. Los datos personales de los Usuarios ser\u00e1n conservados en una base de datos de titularidad de SER FINANCIERO. Asimismo, a trav\u00e9s del presente documento, SER FINANCIERO destaca la facultad de los Usuarios de ejercer sus derechos de acceso, rectificaci\u00f3n y supresi\u00f3n de sus datos personales.<\/p>\n\n\n\n<p>CL\u00c1USULA PRIMERA: RECOLECCI\u00d3N DE INFORMACI\u00d3N.<\/p>\n\n\n\n<p><br>1.1. El Usuario acepta que SER FINANCIERO puede recolectar informaci\u00f3n proporcionada por Usted a trav\u00e9s de los formularios o solicitud de registro del Sitio Web y\/o al utilizar los Servicios.<\/p>\n\n\n\n<p><br>1.2. En este sentido, el Usuario a su vez acepta que SER FINANCIERO podr\u00e1 recopilar y\/o almacenar datos de los Usuarios utilizando cookies, tags y otros m\u00e9todos, as\u00ed como tambi\u00e9n recopilar el n\u00famero o direcci\u00f3n de IP (Internet Protocol) de los Usuarios a los fines de mejorar la calidad del Servicio que brinda a trav\u00e9s del Sitio Web. Sin embargo, SER FINANCIERO no recolectar\u00e1 informaci\u00f3n personal identificable de manera directa de ning\u00fan Usuario usando cookies o tags o cualquier otro m\u00e9todo de detecci\u00f3n de informaci\u00f3n automatizada provisto por las herramientas que ofrece el Sitio. El almacenamiento por parte de SER FINANCIERO del n\u00famero de IP de los dispositivos de los Usuarios permite identificarlos al momento de su ingreso. Asimismo, facilita el diagn\u00f3stico de los eventuales problemas de conexi\u00f3n que puedan llegar a existir entre el Sitio Web y los Usuarios, mejorando la calidad de los Servicios. El n\u00famero o direcci\u00f3n de IP (Internet Protocol) es una identificaci\u00f3n num\u00e9rica que distingue a un dispositivo electr\u00f3nico inform\u00e1tico (sea este una computadora, un tel\u00e9fono personal con acceso a redes, una tableta, una PDA, etc.) que se conecta a una red inform\u00e1tica (por ejemplo, Internet).<\/p>\n\n\n\n<p>1.3. SER FINANCIERO podr\u00e1 solicitar al Usuario y tratar los datos personales que se enumeran a continuaci\u00f3n a simple modo enunciativo, sin perjuicio de otros que tambi\u00e9n puedan solicitarse y\/o tratarse a futuro: (i) nombre y apellido y\/o raz\u00f3n social; (ii) documento de identidad y\/o C\u00f3digo \u00fanico de Identificaci\u00f3n Laboral (CUIL) y\/o C\u00f3digo \u00fanico de Identificaci\u00f3n Tributaria (CUIT); (iii) domicilio; (iv) correo electr\u00f3nico; (v) estado civil; (vi) datos demogr\u00e1ficos (tales como: nacionalidad, fecha y lugar de nacimiento, edad); (vi) fotograf\u00eda del perfil del Usuario (en adelante, el\/los \u201cDato\/s\u201d). La recolecci\u00f3n de Datos permite ofrecer al Usuario Servicios personalizados, que se adec\u00faen a sus necesidades para brindar la mejor experiencia posible con SER FINANCIERO.<\/p>\n\n\n\n<p>1.4. El Usuario se compromete a garantizar y responder por la veracidad, exactitud, integridad, vigencia, autenticidad y certeza de sus Datos y de cualquier otra informaci\u00f3n que sea provista a SER FINANCIERO, debiendo notificar a SER FINANCIERO de cualquier actualizaci\u00f3n o modificaci\u00f3n que corresponda en forma inmediata. En caso que los Datos declarados por el Usuario contengan alguna omisi\u00f3n, distorsi\u00f3n y\/o falsedad, SER FINANCIERO se reserva el derecho de ejercer todas las acciones civiles y legales que pudieran corresponderle por derecho y todas aquellas que considere apropiadas a los fines de garantizar la seguridad del propio Usuario y de terceros.<\/p>\n\n\n\n<p>CL\u00c1USULA SEGUNDA: USO DE LOS DATOS. FINALIDADES DE TRATAMIENTO<\/p>\n\n\n\n<p><br>2.1. SER FINANCIERO almacenar\u00e1 y utilizar\u00e1 la informaci\u00f3n provista por el Usuario y la recolectada por SER FINANCIERO por el plazo m\u00e1ximo que establezca la Ley 25.326, normas complementarias y modificatorias, y\/o aquella otra normativa que resultare aplicable o que en el futuro la reemplace, con el fin de analizarla y poder brindar a los Usuarios el mejor Servicio posible.<\/p>\n\n\n\n<p>2.2. Las finalidades del tratamiento de los Datos de los Usuarios son:<\/p>\n\n\n\n<p>(i) Ofrecer y proveer los Servicios.<br>(ii) Prestar un servicio de calidad y mejorar la experiencia de navegaci\u00f3n del Sitio Web.<br>(iii) Efectuar el registro y validaci\u00f3n de la identidad del Usuario con proveedores de servicios de biometr\u00eda y bases gubernamentales;<br>(iv) Comprender a los Usuarios para ofrecerles Servicios personalizados, que se adec\u00faen a sus necesidades e intereses, y brindar la mejor experiencia posible.<br>(v) Vincular a los Usuarios de manera tal que les permita contactarse para proveer los Servicios de inter\u00e9s.<br>(vi) Gestionar cualquier tipo de consulta que pudieran llevar a cabo los Usuarios.<br>(vii) Enviar notificaciones, noticias y novedades de inter\u00e9s de los Usuarios, adem\u00e1s de aquellas que revistan el car\u00e1cter de notificaciones de \u00edndole institucional o legal.<\/p>\n\n\n\n<p>2.3. SER FINANCIERO podr\u00e1 compartir los Datos con otras empresas de servicios o sitios de internet o similares a los fines de mejorar la calidad de los Servicios. Generalmente, dichas empresas o sitios de internet poseen sus propias pol\u00edticas de privacidad de datos a los fines de su protecci\u00f3n. En consecuencia, SER FINANCIERO no ser\u00e1 responsable por el actuar de dichas empresas o sitios de internet, a los cuales no se aplicar\u00e1 la presente Pol\u00edtica de Privacidad. Recomendamos examinar la pol\u00edtica de privacidad detallada por aquellas empresas o en aquellos sitios de internet para entender los procedimientos de recolecci\u00f3n de informaci\u00f3n que utilizan y c\u00f3mo protegen sus datos personales. De todas maneras, SER FINANCIERO empe\u00f1ar\u00e1 sus mejores esfuerzos en que la privacidad de los Datos compartidos sea protegida de la mejor manera posible. En los casos que corresponda, SER FINANCIERO intentar\u00e1 firmar acuerdos expresos en materia de protecci\u00f3n de datos y de privacidad de la informaci\u00f3n. Sin perjuicio de ello, SER FINANCIERO no ser\u00e1 responsable por los da\u00f1os provocados por tales empresas y\/o sitios de internet en cuanto a su deber de protecci\u00f3n, confidencialidad y privacidad de los datos que ellas manejan.<\/p>\n\n\n\n<p><br>2.4. Se deja expresa constancia que SER FINANCIERO utilizar\u00e1 los Datos provistos por los Usuarios y recolectados por SER FINANCIERO en caso de ser solicitados por tribunales, u organismos estatales nacionales o internacionales que as\u00ed lo requieran y lo soliciten en la forma correspondiente.<\/p>\n\n\n\n<p>CL\u00c1USULA TERCERA: TRANSFERENCIA DE DATOS.<\/p>\n\n\n\n<p><br>3.1. \u00danicamente para cumplir con los fines establecidos en la presente Pol\u00edtica de Privacidad y a efectos de prestar los Servicios, SER FINANCIERO podr\u00e1 revelar los Datos Personales y\/o informaci\u00f3n personal, cuando sea necesario, a las autoridades, los socios y\/o persona\/s vinculada\/s a SER FINANCIERO y otros terceros, como terceros proveedores de servicios utilizados en relaci\u00f3n con los Servicios.<\/p>\n\n\n\n<p>3.2. El Usuario acepta que en algunos casos, los Datos pueden transferirse fuera del pa\u00eds a pa\u00edses con distintos niveles de protecci\u00f3n. En caso de que los Datos se transfieran a pa\u00edses con niveles m\u00e1s bajos de protecci\u00f3n, SER FINANCIERO realizar\u00e1 esas transferencias sujetas a las salvaguardas y medidas de seguridad adecuadas, como las cl\u00e1usulas est\u00e1ndar de protecci\u00f3n de datos adoptadas en los respectivos acuerdos o aprobadas por la autoridad legal aplicable.<\/p>\n\n\n\n<p>CL\u00c1USULA CUARTA: CONFIDENCIALIDAD Y SEGURIDAD DE LA INFORMACI\u00d3N.<\/p>\n\n\n\n<p><br>4.1. SER FINANCIERO ha adoptado medidas de seguridad razonables para proteger los Datos de los Usuarios e impedir el acceso no autorizado a sus Datos o cualquier modificaci\u00f3n, divulgaci\u00f3n o destrucci\u00f3n no autorizada de los mismos. Los Datos recolectados por SER FINANCIERO, ser\u00e1n mantenidos de manera estrictamente confidencial. El acceso a los Datos est\u00e1 restringido a aquellos empleados, contratistas, operadores, y representantes de SER FINANCIERO que necesitan conocer tales Datos para desempe\u00f1ar sus funciones y desarrollar o mejorar los Servicios. SER FINANCIERO exige a sus proveedores los mismos est\u00e1ndares de confidencialidad. SER FINANCIERO no permite el acceso a esta informaci\u00f3n a terceros ajenos a SER FINANCIERO, a excepci\u00f3n de un pedido expreso del Usuario o autoridad competente.<\/p>\n\n\n\n<p>4.2. Sin perjuicio de lo expuesto, considerando que internet es un sistema abierto, de acceso p\u00fablico, SER FINANCIERO no puede garantizar que terceros no autorizados no puedan eventualmente superar las medidas de seguridad y utilizar los Datos de los Usuarios en forma indebida.<\/p>\n\n\n\n<p>CL\u00c1USULA QUINTA: DERECHOS DE LOS USUARIOS SOBRE LOS DATOS.<\/p>\n\n\n\n<p><br>5.1. SER FINANCIERO tratar\u00e1, por todos los medios a su alcance, de facilitar a los Usuarios sobre los cuales haya recopilado o almacenado informaci\u00f3n personal, el acceso a sus Datos (\u201cDerecho de Acceso\u201d), as\u00ed como la rectificaci\u00f3n, modificaci\u00f3n o actualizaci\u00f3n de los mismos (\u201cDerecho de Rectificaci\u00f3n\u201d), o incluso la cancelaci\u00f3n de dichos datos personales (\u201cDerecho de Remoci\u00f3n\u201d), a menos que SER FINANCIERO pueda denegar dichas solicitudes (en adelante, las \u201cSolicitudes\u201d), en caso que se encuentre obligada<br>o tenga derecho a conservar dichos Datos de acuerdo a la legislaci\u00f3n aplicable.<\/p>\n\n\n\n<p>(i) A dichos efectos, el Usuario podr\u00e1 iniciar su Solicitud mediante el env\u00edo de un correo electr\u00f3nico con el asunto \u201cAcceso a Datos Personales\u201d a la direcci\u00f3n: contacto@serfinanciero.com, y SER FINANCIERO le dar\u00e1 curso dentro del plazo establecido por la normativa aplicable. A tales efectos, SER FINANCIERO podr\u00e1 requerir a dicho Usuario que se identifique, lo que podr\u00e1 ser verificado por SER FINANCIERO, as\u00ed como que precise los Datos a los cuales se desea acceder, rectificar o remover.<br>(ii) SER FINANCIERO podr\u00e1 rechazar la tramitaci\u00f3n de Solicitudes que sean irrazonablemente repetitivas o sistem\u00e1ticas, que requieran un esfuerzo t\u00e9cnico desproporcionado, que pongan en peligro la privacidad de los dem\u00e1s Usuarios, o que se consideren poco pr\u00e1cticas, o para las que no sea necesario acceder a los Datos.<br>(iii) El servicio de acceso, rectificaci\u00f3n y remoci\u00f3n de Datos ser\u00e1 prestado por SER FINANCIERO en forma gratuita, excepto en caso que requiriera un esfuerzo desproporcionado o irrazonable, en cuyo caso podr\u00e1 cobrarse un cargo de administraci\u00f3n.<\/p>\n\n\n\n<p>5.2. EN CUMPLIMIENTO CON LA NORMATIVA APLICABLE, SE ACLARA QUE EL TITULAR DE LOS DATOS PERSONALES TIENE LA FACULTAD DE EJERCER EL DERECHO DE ACCESO A LOS MISMOS EN FORMA GRATUITA A INTERVALOS NO INFERIORES A SEIS MESES, SALVO QUE SE ACREDITE UN INTER\u00c9S LEG\u00cdTIMO AL EFECTO CONFORME LO ESTABLECIDO EN EL ART\u00cdCULO 14, INCISO 3 DE LA LEY N\u00ba25.326 DE LA REPUBLICA ARGENTINA. LA AUTORIDAD DE APLICACI\u00d3N (EN ARGENTINA, AGENCIA DE ACCESO A LA INFORMACI\u00d3N P\u00daBLICA, \u00d3RGANO DE CONTROL DE LA LEY N\u00ba 25.326), TIENE LA ATRIBUCI\u00d3N DE ATENDER LAS DENUNCIAS Y RECLAMOS QUE SE INTERPONGAN CON RELACI\u00d3N AL INCUMPLIMIENTO DE LAS NORMAS SOBRE PROTECCI\u00d3N DE DATOS PERSONALES. EL USUARIO PODR\u00c1 CONTACTAR A LA AGENCIA DE ACCESO A LA INFORMACI\u00d3N P\u00daBLICA EN: Av. Pte. Julio A. Roca 710, Piso 2\u00ba, Ciudad de Buenos Aires, URL: www.argentina.gob.ar\/aaip; correo electr\u00f3nico: datospersonales@aaip.gob.ar; tel\u00e9fono: + 5411-2821-0047.<\/p>\n\n\n\n<p>CL\u00c1USULA SEXTA: EXCEPCIONES.<\/p>\n\n\n\n<p><br>6.1. No obstante cualquier otra provisi\u00f3n en contrario en la presente Pol\u00edtica de Privacidad, SER FINANCIERO podr\u00e1 divulgar ciertos Datos de los Usuarios cuando crea de buena fe que esa divulgaci\u00f3n resulte razonablemente necesaria para:<\/p>\n\n\n\n<p><br>(i) evitar una responsabilidad legal;<br>(ii) cumplir una exigencia legal, tal como una orden de allanamiento, una citaci\u00f3n o una orden judicial;<br>(iii) cumplir un requerimiento de una autoridad gubernamental o reguladora; y\/o<br>(iv) proteger los derechos, propiedad o seguridad de SER FINANCIERO, de los Usuarios, o de un tercero.<\/p>\n\n\n\n<p>CL\u00c1USULA SEPTIMA: MODIFICACIONES A LA POL\u00cdTICA DE PRIVACIDAD.<\/p>\n\n\n\n<p><br>7.1. SER FINANCIERO podr\u00e1 modificar la presente Pol\u00edtica de Privacidad en caso que lo considere oportuno. En caso que las modificaciones sean sustanciales con relaci\u00f3n al tratamiento de los Datos recolectados en virtud de la utilizaci\u00f3n de los Servicios, las mismas ser\u00e1n notificadas mediante la publicaci\u00f3n de un aviso destacado en el Sitio Web y con el env\u00edo de un correo electr\u00f3nico a la direcci\u00f3n declarada por el Usuario.<\/p>\n\n\n\n<p><br>7.2 El Usuario acepta que ser\u00e1 dado por notificado de cualquier modificaci\u00f3n a la Pol\u00edtica de Privacidad una vez que SER FINANCIERO hubiera publicado las mismas en el Sitio Web, y que la continuaci\u00f3n del Usuario en el uso del Sitio Web y\/o de los Servicios una vez publicada dicha nueva versi\u00f3n se considerar\u00e1 como aceptaci\u00f3n de dichas modificaciones a la Pol\u00edtica de Privacidad. En consecuencia, el Usuario acepta chequear el Sitio Web peri\u00f3dicamente.<\/p>\n\n\n\n<p>CL\u00c1USULA OCTAVA: CONTACTO.<\/p>\n\n\n\n<p><br>9.1. En caso que el Usuario tenga alguna duda acerca de la Pol\u00edtica de Privacidad, o sobre la aplicaci\u00f3n de la misma, deber\u00e1 ponerse en contacto con SER FINANCIERO, en cualquier momento, v\u00eda correo electr\u00f3nico a contacto@serfinanciero.com<\/p>\n\n\n\n<p><\/p>\n","protected":false},"excerpt":{"rendered":"<p>La presente Pol\u00edtica de Privacidad (en adelante, la \u201cPol\u00edtica de Privacidad\u201d) corresponde al uso de los servicios provistos por SER FINANCIERO. En caso de ser necesario, SER FINANCIERO podr\u00e1 complementar la Pol\u00edtica de Privacidad con informaci\u00f3n y\/o t\u00e9rminos y condiciones espec\u00edficos con relaci\u00f3n a cada Servicio. El mero acceso al sitio web disponible en http:\/\/www.serfinanciero.com [&hellip;]<\/p>\n","protected":false},"author":1,"featured_media":0,"parent":0,"menu_order":0,"comment_status":"closed","ping_status":"open","template":"","meta":{"site-sidebar-layout":"default","site-content-layout":"","ast-site-content-layout":"default","site-content-style":"default","site-sidebar-style":"default","ast-global-header-display":"","ast-banner-title-visibility":"","ast-main-header-display":"","ast-hfb-above-header-display":"","ast-hfb-below-header-display":"","ast-hfb-mobile-header-display":"","site-post-title":"","ast-breadcrumbs-content":"","ast-featured-img":"","footer-sml-layout":"","theme-transparent-header-meta":"","adv-header-id-meta":"","stick-header-meta":"","header-above-stick-meta":"","header-main-stick-meta":"","header-below-stick-meta":"","astra-migrate-meta-layouts":"default","ast-page-background-enabled":"default","ast-page-background-meta":{"desktop":{"background-color":"var(--ast-global-color-4)","background-image":"","background-repeat":"repeat","background-position":"center center","background-size":"auto","background-attachment":"scroll","background-type":"","background-media":"","overlay-type":"","overlay-color":"","overlay-opacity":"","overlay-gradient":""},"tablet":{"background-color":"","background-image":"","background-repeat":"repeat","background-position":"center center","background-size":"auto","background-attachment":"scroll","background-type":"","background-media":"","overlay-type":"","overlay-color":"","overlay-opacity":"","overlay-gradient":""},"mobile":{"background-color":"","background-image":"","background-repeat":"repeat","background-position":"center center","background-size":"auto","background-attachment":"scroll","background-type":"","background-media":"","overlay-type":"","overlay-color":"","overlay-opacity":"","overlay-gradient":""}},"ast-content-background-meta":{"desktop":{"background-color":"var(--ast-global-color-5)","background-image":"","background-repeat":"repeat","background-position":"center center","background-size":"auto","background-attachment":"scroll","background-type":"","background-media":"","overlay-type":"","overlay-color":"","overlay-opacity":"","overlay-gradient":""},"tablet":{"background-color":"var(--ast-global-color-5)","background-image":"","background-repeat":"repeat","background-position":"center center","background-size":"auto","background-attachment":"scroll","background-type":"","background-media":"","overlay-type":"","overlay-color":"","overlay-opacity":"","overlay-gradient":""},"mobile":{"background-color":"var(--ast-global-color-5)","background-image":"","background-repeat":"repeat","background-position":"center center","background-size":"auto","background-attachment":"scroll","background-type":"","background-media":"","overlay-type":"","overlay-color":"","overlay-opacity":"","overlay-gradient":""}},"_joinchat":[],"footnotes":""},"class_list":["post-3","page","type-page","status-publish","hentry"],"aioseo_notices":[],"_links":{"self":[{"href":"https:\/\/serfinanciero.com\/index.php\/wp-json\/wp\/v2\/pages\/3","targetHints":{"allow":["GET"]}}],"collection":[{"href":"https:\/\/serfinanciero.com\/index.php\/wp-json\/wp\/v2\/pages"}],"about":[{"href":"https:\/\/serfinanciero.com\/index.php\/wp-json\/wp\/v2\/types\/page"}],"author":[{"embeddable":true,"href":"https:\/\/serfinanciero.com\/index.php\/wp-json\/wp\/v2\/users\/1"}],"replies":[{"embeddable":true,"href":"https:\/\/serfinanciero.com\/index.php\/wp-json\/wp\/v2\/comments?post=3"}],"version-history":[{"count":3,"href":"https:\/\/serfinanciero.com\/index.php\/wp-json\/wp\/v2\/pages\/3\/revisions"}],"predecessor-version":[{"id":455,"href":"https:\/\/serfinanciero.com\/index.php\/wp-json\/wp\/v2\/pages\/3\/revisions\/455"}],"wp:attachment":[{"href":"https:\/\/serfinanciero.com\/index.php\/wp-json\/wp\/v2\/media?parent=3"}],"curies":[{"name":"wp","href":"https:\/\/api.w.org\/{rel}","templated":true}]}}