{"id":515,"date":"2025-08-07T18:59:38","date_gmt":"2025-08-07T21:59:38","guid":{"rendered":"https:\/\/serfinanciero.com\/?page_id=515"},"modified":"2025-08-07T20:05:20","modified_gmt":"2025-08-07T23:05:20","slug":"clientes","status":"publish","type":"page","link":"https:\/\/serfinanciero.com\/index.php\/clientes\/","title":{"rendered":"Clientes"},"content":{"rendered":"\n<div class=\"wp-block-columns is-layout-flex wp-container-core-columns-is-layout-28f84493 wp-block-columns-is-layout-flex\">\n<div class=\"wp-block-column is-layout-flow wp-block-column-is-layout-flow\" style=\"flex-basis:800px\">\n<h2 class=\"wp-block-heading has-text-align-center has-ast-global-color-0-color has-text-color has-link-color wp-elements-fa797eea6e827f712ca98193c600865d\">Nuestros clientes dicen&#8230;<\/h2>\n\n\n\n<p class=\"has-text-align-center\">Conoc\u00e9 la experiencia de nuestros asesorados trabajando con nosotros<\/p>\n\n\n\n<div class=\"wp-block-buttons is-content-justification-center is-layout-flex wp-container-core-buttons-is-layout-a89b3969 wp-block-buttons-is-layout-flex\">\n<div class=\"wp-block-button\"><a class=\"wp-block-button__link has-text-align-center wp-element-button\" href=\"https:\/\/serfinanciero.com\/index.php\/contacto\/\">Ahora, es tu turno?<\/a><\/div>\n<\/div>\n<\/div>\n<\/div>\n\n\n\n<hr class=\"wp-block-separator has-alpha-channel-opacity is-style-wide\"\/>\n\n\n\n<div class=\"wp-block-columns is-layout-flex wp-container-core-columns-is-layout-28f84493 wp-block-columns-is-layout-flex\">\n<div class=\"wp-block-column is-layout-flow wp-block-column-is-layout-flow\" style=\"flex-basis:800px\">\n<div class=\"wp-block-media-text is-stacked-on-mobile\"><figure class=\"wp-block-media-text__media\"><img loading=\"lazy\" decoding=\"async\" width=\"1024\" height=\"512\" src=\"https:\/\/serfinanciero.com\/wp-content\/uploads\/2025\/08\/Banner-Cliente-1024x512.png\" alt=\"\" class=\"wp-image-516 size-full\" srcset=\"https:\/\/serfinanciero.com\/wp-content\/uploads\/2025\/08\/Banner-Cliente-1024x512.png 1024w, https:\/\/serfinanciero.com\/wp-content\/uploads\/2025\/08\/Banner-Cliente-300x150.png 300w, https:\/\/serfinanciero.com\/wp-content\/uploads\/2025\/08\/Banner-Cliente-768x384.png 768w, https:\/\/serfinanciero.com\/wp-content\/uploads\/2025\/08\/Banner-Cliente-1536x768.png 1536w, https:\/\/serfinanciero.com\/wp-content\/uploads\/2025\/08\/Banner-Cliente.png 1890w\" sizes=\"auto, (max-width: 1024px) 100vw, 1024px\" \/><\/figure><div class=\"wp-block-media-text__content\">\n<p class=\"has-small-font-size\">Conoc\u00ed a Mariano hace unos a\u00f1os, desde el primer momento entendi\u00f3 las necesidades financieras y me ayud\u00f3 a armar primero un seguro de retiro para no pensar tanto en el futuro y hace muy poco un seguro de vida con la idea de prevenir cualquier eventualidad. Te presenta un abanico de opciones y no existe la presi\u00f3n de hacer todo de un d\u00eda para el otro, te da el tiempo de pensar y entender cada una. Un gran profesional con mucha paciencia para explicar lo que uno est\u00e1 comprando y adem\u00e1s una gran persona con la que se puede hablar de temas por fuera del trabajo. Muy recomendable.<\/p>\n<\/div><\/div>\n\n\n\n<div class=\"wp-block-media-text is-stacked-on-mobile\"><figure class=\"wp-block-media-text__media\"><img loading=\"lazy\" decoding=\"async\" width=\"1024\" height=\"512\" src=\"https:\/\/serfinanciero.com\/wp-content\/uploads\/2025\/08\/Banner-Cliente-1-1024x512.png\" alt=\"\" class=\"wp-image-517 size-full\" srcset=\"https:\/\/serfinanciero.com\/wp-content\/uploads\/2025\/08\/Banner-Cliente-1-1024x512.png 1024w, https:\/\/serfinanciero.com\/wp-content\/uploads\/2025\/08\/Banner-Cliente-1-300x150.png 300w, https:\/\/serfinanciero.com\/wp-content\/uploads\/2025\/08\/Banner-Cliente-1-768x384.png 768w, https:\/\/serfinanciero.com\/wp-content\/uploads\/2025\/08\/Banner-Cliente-1-1536x768.png 1536w, https:\/\/serfinanciero.com\/wp-content\/uploads\/2025\/08\/Banner-Cliente-1.png 1890w\" sizes=\"auto, (max-width: 1024px) 100vw, 1024px\" \/><\/figure><div class=\"wp-block-media-text__content\">\n<p class=\"has-small-font-size\">Asesoramiento muy atento y ameno para planificar el uso de tus ahorros a futuro, y las distintas estrategias de inversi\u00f3n<\/p>\n<\/div><\/div>\n\n\n\n<div class=\"wp-block-media-text is-stacked-on-mobile\"><figure class=\"wp-block-media-text__media\"><img loading=\"lazy\" decoding=\"async\" width=\"1024\" height=\"512\" src=\"https:\/\/serfinanciero.com\/wp-content\/uploads\/2025\/08\/Banner-Cliente-2-1024x512.png\" alt=\"\" class=\"wp-image-521 size-full\" srcset=\"https:\/\/serfinanciero.com\/wp-content\/uploads\/2025\/08\/Banner-Cliente-2-1024x512.png 1024w, https:\/\/serfinanciero.com\/wp-content\/uploads\/2025\/08\/Banner-Cliente-2-300x150.png 300w, https:\/\/serfinanciero.com\/wp-content\/uploads\/2025\/08\/Banner-Cliente-2-768x384.png 768w, https:\/\/serfinanciero.com\/wp-content\/uploads\/2025\/08\/Banner-Cliente-2-1536x768.png 1536w, https:\/\/serfinanciero.com\/wp-content\/uploads\/2025\/08\/Banner-Cliente-2.png 1890w\" sizes=\"auto, (max-width: 1024px) 100vw, 1024px\" \/><\/figure><div class=\"wp-block-media-text__content\">\n<p class=\"has-small-font-size\">Conocer a Mariano resolvio una gran problematica que siempre tuve: comenzar a ahorrar y hacer crecer mi dinero. Creo que uno de sus grandes meritos fue el de hacerme cambiar el chip respecto al tema inversiones. No solamente brindando informacion y explicaciones respecto a como trabaja el dinero, sino tambien presentando soluciones concretas.<br>Destaco tambien el seguimiento que hace con sus clientes y su habito de entender el contexto para poder brindar una solucion que se ajuste a las necesidades (y a los bolsillos) de cada cliente.<br>Creo que la gran ense\u00f1anza que me dejo es que no es necesario ser millonario para comenzar a ahorrar, sino tener la determinacion para dar el primer paso.<\/p>\n<\/div><\/div>\n\n\n\n<div class=\"wp-block-media-text is-stacked-on-mobile\"><figure class=\"wp-block-media-text__media\"><img loading=\"lazy\" decoding=\"async\" width=\"1024\" height=\"512\" src=\"https:\/\/serfinanciero.com\/wp-content\/uploads\/2025\/08\/Banner-Cliente-3-1024x512.png\" alt=\"\" class=\"wp-image-522 size-full\" srcset=\"https:\/\/serfinanciero.com\/wp-content\/uploads\/2025\/08\/Banner-Cliente-3-1024x512.png 1024w, https:\/\/serfinanciero.com\/wp-content\/uploads\/2025\/08\/Banner-Cliente-3-300x150.png 300w, https:\/\/serfinanciero.com\/wp-content\/uploads\/2025\/08\/Banner-Cliente-3-768x384.png 768w, https:\/\/serfinanciero.com\/wp-content\/uploads\/2025\/08\/Banner-Cliente-3-1536x768.png 1536w, https:\/\/serfinanciero.com\/wp-content\/uploads\/2025\/08\/Banner-Cliente-3.png 1890w\" sizes=\"auto, (max-width: 1024px) 100vw, 1024px\" \/><\/figure><div class=\"wp-block-media-text__content\">\n<p class=\"has-small-font-size\">Trabajar con Mariano ha sido una experiencia excelente. Su enfoque estrat\u00e9gico y su conocimiento t\u00e9cnico han sido clave para mi planificaci\u00f3n financiera y alcanzar mis objetivos. Siempre atento y dispuesto a ayudar, lo recomiendo sin dudar. Muchas gracias Mariano!<\/p>\n<\/div><\/div>\n\n\n\n<div class=\"wp-block-media-text is-stacked-on-mobile\"><figure class=\"wp-block-media-text__media\"><img loading=\"lazy\" decoding=\"async\" width=\"1024\" height=\"512\" src=\"https:\/\/serfinanciero.com\/wp-content\/uploads\/2025\/08\/Banner-Cliente-5-1024x512.png\" alt=\"\" class=\"wp-image-523 size-full\" srcset=\"https:\/\/serfinanciero.com\/wp-content\/uploads\/2025\/08\/Banner-Cliente-5-1024x512.png 1024w, https:\/\/serfinanciero.com\/wp-content\/uploads\/2025\/08\/Banner-Cliente-5-300x150.png 300w, https:\/\/serfinanciero.com\/wp-content\/uploads\/2025\/08\/Banner-Cliente-5-768x384.png 768w, https:\/\/serfinanciero.com\/wp-content\/uploads\/2025\/08\/Banner-Cliente-5-1536x768.png 1536w, https:\/\/serfinanciero.com\/wp-content\/uploads\/2025\/08\/Banner-Cliente-5-2048x1024.png 2048w\" sizes=\"auto, (max-width: 1024px) 100vw, 1024px\" \/><\/figure><div class=\"wp-block-media-text__content\">\n<p class=\"has-small-font-size\">Mariano ha sido una pieza clave en la planificaci\u00f3n financiera a futuro. Tiene una habilidad especial para hacer que temas complejos resulten claros y manejables. Siempre siento que mis intereses est\u00e1n en el centro de cada recomendaci\u00f3n que me da, y eso me da tranquilidad y confianza. Es confiable, honesto y siempre va un paso m\u00e1s all\u00e1 para asegurarme los mejores resultados. Estoy muy agradecido por su apoyo y dedicaci\u00f3n.<\/p>\n<\/div><\/div>\n\n\n\n<div class=\"wp-block-media-text is-stacked-on-mobile\"><figure class=\"wp-block-media-text__media\"><img loading=\"lazy\" decoding=\"async\" width=\"1024\" height=\"512\" src=\"https:\/\/serfinanciero.com\/wp-content\/uploads\/2025\/08\/Banner-Cliente-4-1024x512.png\" alt=\"\" class=\"wp-image-524 size-full\" srcset=\"https:\/\/serfinanciero.com\/wp-content\/uploads\/2025\/08\/Banner-Cliente-4-1024x512.png 1024w, https:\/\/serfinanciero.com\/wp-content\/uploads\/2025\/08\/Banner-Cliente-4-300x150.png 300w, https:\/\/serfinanciero.com\/wp-content\/uploads\/2025\/08\/Banner-Cliente-4-768x384.png 768w, https:\/\/serfinanciero.com\/wp-content\/uploads\/2025\/08\/Banner-Cliente-4-1536x768.png 1536w, https:\/\/serfinanciero.com\/wp-content\/uploads\/2025\/08\/Banner-Cliente-4-2048x1024.png 2048w\" sizes=\"auto, (max-width: 1024px) 100vw, 1024px\" \/><\/figure><div class=\"wp-block-media-text__content\">\n<p class=\"has-small-font-size\">Se destaca de Mariano, por sobretodo, el profesionalismo que presento en cada momento, la atenci\u00f3n al detalle de los objetivos propuestos y la consultor\u00eda exacta en los momentos requeridos. Un placer haber trabajado en conjunto.<\/p>\n<\/div><\/div>\n<\/div>\n<\/div>\n\n\n\n<p><\/p>\n","protected":false},"excerpt":{"rendered":"<p>Nuestros clientes dicen&#8230; Conoc\u00e9 la experiencia de nuestros asesorados trabajando con nosotros Conoc\u00ed a Mariano hace unos a\u00f1os, desde el primer momento entendi\u00f3 las necesidades financieras y me ayud\u00f3 a armar primero un seguro de retiro para no pensar tanto en el futuro y hace muy poco un seguro de vida con la idea de [&hellip;]<\/p>\n","protected":false},"author":1,"featured_media":0,"parent":0,"menu_order":0,"comment_status":"closed","ping_status":"closed","template":"","meta":{"site-sidebar-layout":"default","site-content-layout":"","ast-site-content-layout":"default","site-content-style":"default","site-sidebar-style":"default","ast-global-header-display":"","ast-banner-title-visibility":"","ast-main-header-display":"","ast-hfb-above-header-display":"","ast-hfb-below-header-display":"","ast-hfb-mobile-header-display":"","site-post-title":"","ast-breadcrumbs-content":"","ast-featured-img":"","footer-sml-layout":"","theme-transparent-header-meta":"","adv-header-id-meta":"","stick-header-meta":"","header-above-stick-meta":"","header-main-stick-meta":"","header-below-stick-meta":"","astra-migrate-meta-layouts":"default","ast-page-background-enabled":"default","ast-page-background-meta":{"desktop":{"background-color":"var(--ast-global-color-4)","background-image":"","background-repeat":"repeat","background-position":"center center","background-size":"auto","background-attachment":"scroll","background-type":"","background-media":"","overlay-type":"","overlay-color":"","overlay-opacity":"","overlay-gradient":""},"tablet":{"background-color":"","background-image":"","background-repeat":"repeat","background-position":"center center","background-size":"auto","background-attachment":"scroll","background-type":"","background-media":"","overlay-type":"","overlay-color":"","overlay-opacity":"","overlay-gradient":""},"mobile":{"background-color":"","background-image":"","background-repeat":"repeat","background-position":"center center","background-size":"auto","background-attachment":"scroll","background-type":"","background-media":"","overlay-type":"","overlay-color":"","overlay-opacity":"","overlay-gradient":""}},"ast-content-background-meta":{"desktop":{"background-color":"var(--ast-global-color-5)","background-image":"","background-repeat":"repeat","background-position":"center center","background-size":"auto","background-attachment":"scroll","background-type":"","background-media":"","overlay-type":"","overlay-color":"","overlay-opacity":"","overlay-gradient":""},"tablet":{"background-color":"var(--ast-global-color-5)","background-image":"","background-repeat":"repeat","background-position":"center center","background-size":"auto","background-attachment":"scroll","background-type":"","background-media":"","overlay-type":"","overlay-color":"","overlay-opacity":"","overlay-gradient":""},"mobile":{"background-color":"var(--ast-global-color-5)","background-image":"","background-repeat":"repeat","background-position":"center center","background-size":"auto","background-attachment":"scroll","background-type":"","background-media":"","overlay-type":"","overlay-color":"","overlay-opacity":"","overlay-gradient":""}},"_joinchat":[],"footnotes":""},"class_list":["post-515","page","type-page","status-publish","hentry"],"aioseo_notices":[],"_links":{"self":[{"href":"https:\/\/serfinanciero.com\/index.php\/wp-json\/wp\/v2\/pages\/515","targetHints":{"allow":["GET"]}}],"collection":[{"href":"https:\/\/serfinanciero.com\/index.php\/wp-json\/wp\/v2\/pages"}],"about":[{"href":"https:\/\/serfinanciero.com\/index.php\/wp-json\/wp\/v2\/types\/page"}],"author":[{"embeddable":true,"href":"https:\/\/serfinanciero.com\/index.php\/wp-json\/wp\/v2\/users\/1"}],"replies":[{"embeddable":true,"href":"https:\/\/serfinanciero.com\/index.php\/wp-json\/wp\/v2\/comments?post=515"}],"version-history":[{"count":5,"href":"https:\/\/serfinanciero.com\/index.php\/wp-json\/wp\/v2\/pages\/515\/revisions"}],"predecessor-version":[{"id":527,"href":"https:\/\/serfinanciero.com\/index.php\/wp-json\/wp\/v2\/pages\/515\/revisions\/527"}],"wp:attachment":[{"href":"https:\/\/serfinanciero.com\/index.php\/wp-json\/wp\/v2\/media?parent=515"}],"curies":[{"name":"wp","href":"https:\/\/api.w.org\/{rel}","templated":true}]}}